{"id":225,"date":"2021-04-16T16:20:53","date_gmt":"2021-04-16T14:20:53","guid":{"rendered":"http:\/\/jvktkqu.cluster027.hosting.ovh.net\/?page_id=225"},"modified":"2023-03-30T16:08:10","modified_gmt":"2023-03-30T14:08:10","slug":"accueil","status":"publish","type":"page","link":"https:\/\/juliane-daudan.com\/","title":{"rendered":""},"content":{"rendered":"\n\n\n<div class=\"wp-block-columns is-layout-flex wp-container-4\">\n<div class=\"wp-block-column is-layout-flow\" style=\"flex-basis:50%\">\n<div class=\"wp-block-group\"><div class=\"wp-block-group__inner-container is-layout-flow\">\n<figure class=\"wp-block-image size-large\"><img decoding=\"async\" loading=\"lazy\" width=\"1024\" height=\"544\" src=\"http:\/\/jvktkqu.cluster027.hosting.ovh.net\/wp-content\/uploads\/2021\/06\/illustration-web-2-1-1024x544.jpg\" alt=\"\" class=\"wp-image-380\" srcset=\"https:\/\/juliane-daudan.com\/wp-content\/uploads\/2021\/06\/illustration-web-2-1-1024x544.jpg 1024w, https:\/\/juliane-daudan.com\/wp-content\/uploads\/2021\/06\/illustration-web-2-1-300x159.jpg 300w, https:\/\/juliane-daudan.com\/wp-content\/uploads\/2021\/06\/illustration-web-2-1-768x408.jpg 768w, https:\/\/juliane-daudan.com\/wp-content\/uploads\/2021\/06\/illustration-web-2-1-1536x816.jpg 1536w, https:\/\/juliane-daudan.com\/wp-content\/uploads\/2021\/06\/illustration-web-2-1-2048x1088.jpg 2048w\" sizes=\"(max-width: 1024px) 100vw, 1024px\" \/><\/figure>\n<\/div><\/div>\n<\/div>\n\n\n\n<div class=\"wp-block-column is-layout-flow\" style=\"flex-basis:50%\">\n<p>Bonjour ! <\/p>\n\n\n\n<p>Vous \u00eates bien arriv\u00e9.e.s sur mon portfolio.<\/p>\n\n\n\n<p>Ici vous pourrez vous promener dans les projets sur lesquels j&rsquo;ai eu le plaisir de travailler, et ceux sur lesquels je travaille en ce moment mais qui ne sont pas encore sortis.<\/p>\n\n\n\n<p>La page <em>\u00c0 propos<\/em> vous en dira davantage sur mon parcours pro (mais pas sur mon signe astro ou mon plat pr\u00e9f\u00e9r\u00e9, \u00e7a c&rsquo;est secret). Tout \u00e7a se passe en haut \u00e0 droite.<\/p>\n\n\n\n<p>Bonne visite !<\/p>\n<\/div>\n<\/div>\n\n\n\n<hr class=\"wp-block-separator\"\/>\n\n\n\n<p>  <\/p>\n\n\n\n<p>  <\/p>\n\n\n\n<p class=\"has-text-align-center\"><strong>Ils m&rsquo;ont d\u00e9j\u00e0 fait confiance :<\/strong><\/p>\n\n\n\n<div class=\"wp-block-image\"><figure class=\"aligncenter size-large\"><img decoding=\"async\" loading=\"lazy\" width=\"1024\" height=\"583\" src=\"http:\/\/jvktkqu.cluster027.hosting.ovh.net\/wp-content\/uploads\/2021\/06\/log-JD-OK-1024x583.jpg\" alt=\"\" class=\"wp-image-383\" srcset=\"https:\/\/juliane-daudan.com\/wp-content\/uploads\/2021\/06\/log-JD-OK-1024x583.jpg 1024w, https:\/\/juliane-daudan.com\/wp-content\/uploads\/2021\/06\/log-JD-OK-300x171.jpg 300w, https:\/\/juliane-daudan.com\/wp-content\/uploads\/2021\/06\/log-JD-OK-768x437.jpg 768w, https:\/\/juliane-daudan.com\/wp-content\/uploads\/2021\/06\/log-JD-OK.jpg 1102w\" sizes=\"(max-width: 1024px) 100vw, 1024px\" \/><\/figure><\/div>\n\n\n\n<p class=\"has-text-align-right\">Logo et banni\u00e8re by la chouette <a aria-label=\"Anna Griot (opens in a new tab)\" href=\"http:\/\/annagriot.com\/\" target=\"_blank\" rel=\"noreferrer noopener\" class=\"rank-math-link\">Anna Griot<\/a>. <\/p>\n","protected":false},"excerpt":{"rendered":"<p>Bonjour ! Vous \u00eates bien arriv\u00e9.e.s sur mon portfolio. Ici vous pourrez vous promener dans les projets sur lesquels j&rsquo;ai [&hellip;]<\/p>\n","protected":false},"author":2,"featured_media":0,"parent":0,"menu_order":0,"comment_status":"closed","ping_status":"closed","template":"","meta":[],"_links":{"self":[{"href":"https:\/\/juliane-daudan.com\/index.php\/wp-json\/wp\/v2\/pages\/225"}],"collection":[{"href":"https:\/\/juliane-daudan.com\/index.php\/wp-json\/wp\/v2\/pages"}],"about":[{"href":"https:\/\/juliane-daudan.com\/index.php\/wp-json\/wp\/v2\/types\/page"}],"author":[{"embeddable":true,"href":"https:\/\/juliane-daudan.com\/index.php\/wp-json\/wp\/v2\/users\/2"}],"replies":[{"embeddable":true,"href":"https:\/\/juliane-daudan.com\/index.php\/wp-json\/wp\/v2\/comments?post=225"}],"version-history":[{"count":13,"href":"https:\/\/juliane-daudan.com\/index.php\/wp-json\/wp\/v2\/pages\/225\/revisions"}],"predecessor-version":[{"id":1731,"href":"https:\/\/juliane-daudan.com\/index.php\/wp-json\/wp\/v2\/pages\/225\/revisions\/1731"}],"wp:attachment":[{"href":"https:\/\/juliane-daudan.com\/index.php\/wp-json\/wp\/v2\/media?parent=225"}],"curies":[{"name":"wp","href":"https:\/\/api.w.org\/{rel}","templated":true}]}}